{"id":20584,"date":"2022-04-29T08:10:16","date_gmt":"2022-04-29T13:10:16","guid":{"rendered":"https:\/\/www.tastefulselections.com\/costco\/cremas-en-bocaditos\/"},"modified":"2025-08-04T22:54:59","modified_gmt":"2025-08-05T03:54:59","slug":"cremas-en-bocaditos","status":"publish","type":"page","link":"https:\/\/www.tastefulselections.com\/es\/costco\/cremas-en-bocaditos\/","title":{"rendered":"Cremas en bocaditos"},"content":{"rendered":"\n<h2 class=\"wp-block-heading\">Repleto de nutrientes<\/h2>\n\n<ul class=\"wp-block-list\">\n<li>Vitamina C<\/li>\n\n\n\n<li>B6<\/li>\n\n\n\n<li>Hierro<\/li>\n\n\n\n<li>Prote\u00edna<\/li>\n\n\n\n<li>M\u00e1s potasio que un pl\u00e1tano<\/li>\n<\/ul>\n\n<p>Las patatas en bocaditos son alimentos integrales, naturalmente sin gluten, ricos en fibra y minerales, sin aditivos ni OMG (Organismo Gen\u00e9ticamente Modificado). Al no estar refinados ni tener az\u00facar a\u00f1adido, son un hidrato de carbono complejo (carbohidratos buenos) que se absorbe lentamente en el organismo y te mantiene saciado durante m\u00e1s tiempo con energ\u00eda para quemar.<\/p>\n\n<p><\/p>\n","protected":false},"excerpt":{"rendered":"<p>Repleto de nutrientes Las patatas en bocaditos son alimentos integrales, naturalmente sin gluten, ricos en fibra y minerales, sin aditivos ni OMG (Organismo Gen\u00e9ticamente Modificado). Al no estar refinados ni tener az\u00facar a\u00f1adido, son un hidrato de carbono complejo (carbohidratos buenos) que se absorbe lentamente en el organismo y te mantiene saciado durante m\u00e1s tiempo <a href=\"https:\/\/www.tastefulselections.com\/es\/costco\/cremas-en-bocaditos\/\" class=\"more-link\">&#8230;<span class=\"screen-reader-text\">  Cremas en bocaditos<\/span><\/a><\/p>\n","protected":false},"author":1,"featured_media":0,"parent":20582,"menu_order":0,"comment_status":"closed","ping_status":"closed","template":"templates\/costco-product.template.php","meta":{"_seopress_robots_primary_cat":"","_seopress_titles_title":"","_seopress_titles_desc":"","_seopress_robots_index":"s\u00ed","wprm-recipe-roundup-name":"","wprm-recipe-roundup-description":"","footnotes":""},"class_list":["post-20584","page","type-page","status-publish","hentry"],"_links":{"self":[{"href":"https:\/\/www.tastefulselections.com\/es\/wp-json\/wp\/v2\/pages\/20584","targetHints":{"allow":["GET"]}}],"collection":[{"href":"https:\/\/www.tastefulselections.com\/es\/wp-json\/wp\/v2\/pages"}],"about":[{"href":"https:\/\/www.tastefulselections.com\/es\/wp-json\/wp\/v2\/types\/page"}],"author":[{"embeddable":true,"href":"https:\/\/www.tastefulselections.com\/es\/wp-json\/wp\/v2\/users\/1"}],"replies":[{"embeddable":true,"href":"https:\/\/www.tastefulselections.com\/es\/wp-json\/wp\/v2\/comments?post=20584"}],"version-history":[{"count":2,"href":"https:\/\/www.tastefulselections.com\/es\/wp-json\/wp\/v2\/pages\/20584\/revisions"}],"predecessor-version":[{"id":20886,"href":"https:\/\/www.tastefulselections.com\/es\/wp-json\/wp\/v2\/pages\/20584\/revisions\/20886"}],"up":[{"embeddable":true,"href":"https:\/\/www.tastefulselections.com\/es\/wp-json\/wp\/v2\/pages\/20582"}],"wp:attachment":[{"href":"https:\/\/www.tastefulselections.com\/es\/wp-json\/wp\/v2\/media?parent=20584"}],"curies":[{"name":"wp","href":"https:\/\/api.w.org\/{rel}","templated":true}]}}