{"id":20698,"date":"2020-01-06T18:09:05","date_gmt":"2020-01-07T00:09:05","guid":{"rendered":"https:\/\/www.tastefulselections.com\/productos\/steam-savor\/"},"modified":"2025-04-26T04:32:40","modified_gmt":"2025-04-26T09:32:40","slug":"steam-savor","status":"publish","type":"page","link":"https:\/\/www.tastefulselections.com\/es\/productos\/steam-savor\/","title":{"rendered":"Steam &amp; Savor\u00ae"},"content":{"rendered":"\n<p>Nuestro producto Steam &amp; Savor\u00ae incluye papas baby frescas, del tama\u00f1o de un bocado, prelavadas, de cocci\u00f3n r\u00e1pida y que no requieren pelarse. Listas en 8 minutos, las papas Steam and Savor est\u00e1n disponibles en una pr\u00e1ctica bolsa para cocinar al vapor, perfecta para cualquier estilo de vida ajetreado.<\/p>\n\n<p><\/p>\n","protected":false},"excerpt":{"rendered":"<p>Nuestro producto Steam &amp; Savor\u00ae incluye papas baby frescas, del tama\u00f1o de un bocado, prelavadas, de cocci\u00f3n r\u00e1pida y que no requieren pelarse. Listas en 8 minutos, las papas Steam and Savor est\u00e1n disponibles en una pr\u00e1ctica bolsa para cocinar al vapor, perfecta para cualquier estilo de vida ajetreado.<\/p>\n","protected":false},"author":1,"featured_media":20415,"parent":20686,"menu_order":0,"comment_status":"closed","ping_status":"closed","template":"templates\/product.template.php","meta":{"_seopress_robots_primary_cat":"","_seopress_titles_title":"","_seopress_titles_desc":"","_seopress_robots_index":"","_seopress_analysis_target_kw":"","wprm-recipe-roundup-name":"","wprm-recipe-roundup-description":"","footnotes":""},"class_list":["post-20698","page","type-page","status-publish","has-post-thumbnail","hentry"],"_links":{"self":[{"href":"https:\/\/www.tastefulselections.com\/es\/wp-json\/wp\/v2\/pages\/20698","targetHints":{"allow":["GET"]}}],"collection":[{"href":"https:\/\/www.tastefulselections.com\/es\/wp-json\/wp\/v2\/pages"}],"about":[{"href":"https:\/\/www.tastefulselections.com\/es\/wp-json\/wp\/v2\/types\/page"}],"author":[{"embeddable":true,"href":"https:\/\/www.tastefulselections.com\/es\/wp-json\/wp\/v2\/users\/1"}],"replies":[{"embeddable":true,"href":"https:\/\/www.tastefulselections.com\/es\/wp-json\/wp\/v2\/comments?post=20698"}],"version-history":[{"count":1,"href":"https:\/\/www.tastefulselections.com\/es\/wp-json\/wp\/v2\/pages\/20698\/revisions"}],"predecessor-version":[{"id":20699,"href":"https:\/\/www.tastefulselections.com\/es\/wp-json\/wp\/v2\/pages\/20698\/revisions\/20699"}],"up":[{"embeddable":true,"href":"https:\/\/www.tastefulselections.com\/es\/wp-json\/wp\/v2\/pages\/20686"}],"wp:featuredmedia":[{"embeddable":true,"href":"https:\/\/www.tastefulselections.com\/es\/wp-json\/wp\/v2\/media\/20415"}],"wp:attachment":[{"href":"https:\/\/www.tastefulselections.com\/es\/wp-json\/wp\/v2\/media?parent=20698"}],"curies":[{"name":"wp","href":"https:\/\/api.w.org\/{rel}","templated":true}]}}